{"id":128443,"date":"2023-09-27T12:48:44","date_gmt":"2023-09-27T10:48:44","guid":{"rendered":"https:\/\/jancray.de\/imprint\/"},"modified":"2023-09-27T12:48:45","modified_gmt":"2023-09-27T10:48:45","slug":"imprint","status":"publish","type":"page","link":"https:\/\/jancray.de\/en\/imprint\/","title":{"rendered":"Imprint"},"content":{"rendered":"\t\t<div data-elementor-type=\"wp-page\" data-elementor-id=\"128443\" class=\"elementor elementor-128443 elementor-112027\" data-elementor-post-type=\"page\">\n\t\t\t\t\t\t<section class=\"elementor-section elementor-top-section elementor-element elementor-element-2e721eb3 elementor-section-full_width elementor-section-height-default elementor-section-height-default\" data-id=\"2e721eb3\" data-element_type=\"section\">\n\t\t\t\t\t\t<div class=\"elementor-container elementor-column-gap-default\">\n\t\t\t\t\t<div class=\"elementor-column elementor-col-100 elementor-top-column elementor-element elementor-element-cf023bc\" data-id=\"cf023bc\" data-element_type=\"column\">\n\t\t\t<div class=\"elementor-widget-wrap elementor-element-populated\">\n\t\t\t\t\t\t<div class=\"elementor-element elementor-element-ddd5108 elementor-widget elementor-widget-heading\" data-id=\"ddd5108\" data-element_type=\"widget\" data-widget_type=\"heading.default\">\n\t\t\t\t<div class=\"elementor-widget-container\">\n\t\t\t\t\t<h2 class=\"elementor-heading-title elementor-size-default\">Imprint<\/h2>\t\t\t\t<\/div>\n\t\t\t\t<\/div>\n\t\t\t\t<div class=\"elementor-element elementor-element-434039d elementor-widget-divider--view-line elementor-widget elementor-widget-divider\" data-id=\"434039d\" data-element_type=\"widget\" data-widget_type=\"divider.default\">\n\t\t\t\t<div class=\"elementor-widget-container\">\n\t\t\t\t\t\t\t<div class=\"elementor-divider\">\n\t\t\t<span class=\"elementor-divider-separator\">\n\t\t\t\t\t\t<\/span>\n\t\t<\/div>\n\t\t\t\t\t\t<\/div>\n\t\t\t\t<\/div>\n\t\t\t\t<div class=\"elementor-element elementor-element-4326b614 elementor-widget elementor-widget-text-editor\" data-id=\"4326b614\" data-element_type=\"widget\" data-widget_type=\"text-editor.default\">\n\t\t\t\t<div class=\"elementor-widget-container\">\n\t\t\t\t\t\t\t\t\t<p><span style=\"color: var( --e-global-color-primary ); font-family: var( --e-global-typography-926c157-font-family ), Sans-serif; font-size: var( --e-global-typography-926c157-font-size ); letter-spacing: var( --e-global-typography-926c157-letter-spacing ); word-spacing: var( --e-global-typography-926c157-word-spacing );\">Cray Wohnen GmbH<br \/><\/span><span style=\"color: var( --e-global-color-primary ); font-family: var( --e-global-typography-926c157-font-family ), Sans-serif; font-size: var( --e-global-typography-926c157-font-size ); letter-spacing: var( --e-global-typography-926c157-letter-spacing ); word-spacing: var( --e-global-typography-926c157-word-spacing );\">Bei den Linden 16 <br \/><\/span>21449 Radbruch<br \/>+49 4178 898 96 0<\/p>\n<p>info@jancray.de<br \/>jancray.de<\/p>\n<p>Managing Director: Jan Cray<\/p>\n<p>VAT number: DE315460402<br \/>Registration number: HRB 210223 (Local Court L\u00fcneburg)<\/p>\n<p>GLS Bank<br \/>IBAN: DE29 4306 0967 1037 9907 00<br \/>BIC: GENODEM1GLS<\/p>\n\t\t\t\t\t\t\t\t<\/div>\n\t\t\t\t<\/div>\n\t\t\t\t<div class=\"elementor-element elementor-element-962b4b5 elementor-widget elementor-widget-text-editor\" data-id=\"962b4b5\" data-element_type=\"widget\" data-widget_type=\"text-editor.default\">\n\t\t\t\t<div class=\"elementor-widget-container\">\n\t\t\t\t\t\t\t\t\t<p>Under applicable law, we are obliged to inform consumers of the existence of the European Online Dispute Resolution Platform, which can be used to resolve disputes without the need to go to court. The European Commission is responsible for setting up the platform. The European Online Dispute Resolution Platform can be found here:<a href=\"http:\/\/ec.europa.eu\/odr\">http:\/\/ec.europa.eu\/odr<\/a><\/p>\n<\/p>\n<p>Note on \u00a7 36 VSBG: We do not participate in dispute resolution proceedings before a consumer arbitration board and are not obliged to do so.<\/p>\n\t\t\t\t\t\t\t\t<\/div>\n\t\t\t\t<\/div>\n\t\t\t\t\t<\/div>\n\t\t<\/div>\n\t\t\t\t\t<\/div>\n\t\t<\/section>\n\t\t\t\t<\/div>\n\t\t","protected":false},"excerpt":{"rendered":"<p>Imprint Cray Wohnen GmbHBei den Linden 16 21449 Radbruch+49 4178 898 96 0 info@jancray.dejancray.de Managing Director: Jan Cray VAT number: DE315460402Registration number: HRB 210223 (Local Court L\u00fcneburg) GLS BankIBAN: DE29 4306 0967 1037 9907 00BIC: GENODEM1GLS Under applicable law, we are obliged to inform consumers of the existence of the European Online Dispute Resolution Platform, [&hellip;]<\/p>\n","protected":false},"author":1,"featured_media":0,"parent":0,"menu_order":0,"comment_status":"closed","ping_status":"closed","template":"","meta":{"_acf_changed":false,"footnotes":""},"class_list":["post-128443","page","type-page","status-publish","hentry"],"acf":[],"yoast_head":"<!-- This site is optimized with the Yoast SEO plugin v26.8 - https:\/\/yoast.com\/product\/yoast-seo-wordpress\/ -->\n<title>Imprint &#8212; JAN CRAY M\u00f6bel &amp; K\u00fcchen<\/title>\n<meta name=\"robots\" content=\"index, follow, max-snippet:-1, max-image-preview:large, max-video-preview:-1\" \/>\n<link rel=\"canonical\" href=\"https:\/\/jancray.de\/en\/imprint\/\" \/>\n<meta property=\"og:locale\" content=\"en_US\" \/>\n<meta property=\"og:type\" content=\"article\" \/>\n<meta property=\"og:title\" content=\"Imprint &#8212; JAN CRAY M\u00f6bel &amp; K\u00fcchen\" \/>\n<meta property=\"og:description\" content=\"Imprint Cray Wohnen GmbHBei den Linden 16 21449 Radbruch+49 4178 898 96 0 info@jancray.dejancray.de Managing Director: Jan Cray VAT number: DE315460402Registration number: HRB 210223 (Local Court L\u00fcneburg) GLS BankIBAN: DE29 4306 0967 1037 9907 00BIC: GENODEM1GLS Under applicable law, we are obliged to inform consumers of the existence of the European Online Dispute Resolution Platform, [&hellip;]\" \/>\n<meta property=\"og:url\" content=\"https:\/\/jancray.de\/en\/imprint\/\" \/>\n<meta property=\"og:site_name\" content=\"JAN CRAY M\u00f6bel &amp; K\u00fcchen\" \/>\n<meta property=\"article:publisher\" content=\"https:\/\/www.facebook.com\/jancraymoebel\/\" \/>\n<meta property=\"article:modified_time\" content=\"2023-09-27T10:48:45+00:00\" \/>\n<meta property=\"og:image\" content=\"https:\/\/jancray.de\/wp-content\/uploads\/2021\/04\/Jan-Cray-6Grad-Outdoor-Eiche-4-300dpi-scaled-1.jpg\" \/>\n\t<meta property=\"og:image:width\" content=\"2560\" \/>\n\t<meta property=\"og:image:height\" content=\"1711\" \/>\n\t<meta property=\"og:image:type\" content=\"image\/jpeg\" \/>\n<meta name=\"twitter:card\" content=\"summary_large_image\" \/>\n<meta name=\"twitter:label1\" content=\"Est. reading time\" \/>\n\t<meta name=\"twitter:data1\" content=\"1 minute\" \/>\n<script type=\"application\/ld+json\" class=\"yoast-schema-graph\">{\"@context\":\"https:\/\/schema.org\",\"@graph\":[{\"@type\":\"WebPage\",\"@id\":\"https:\/\/jancray.de\/en\/imprint\/\",\"url\":\"https:\/\/jancray.de\/en\/imprint\/\",\"name\":\"Imprint &#8212; JAN CRAY M\u00f6bel &amp; K\u00fcchen\",\"isPartOf\":{\"@id\":\"https:\/\/jancray.de\/en\/#website\"},\"datePublished\":\"2023-09-27T10:48:44+00:00\",\"dateModified\":\"2023-09-27T10:48:45+00:00\",\"breadcrumb\":{\"@id\":\"https:\/\/jancray.de\/en\/imprint\/#breadcrumb\"},\"inLanguage\":\"en-US\",\"potentialAction\":[{\"@type\":\"ReadAction\",\"target\":[\"https:\/\/jancray.de\/en\/imprint\/\"]}]},{\"@type\":\"BreadcrumbList\",\"@id\":\"https:\/\/jancray.de\/en\/imprint\/#breadcrumb\",\"itemListElement\":[{\"@type\":\"ListItem\",\"position\":1,\"name\":\"Home\",\"item\":\"https:\/\/jancray.de\/en\/\"},{\"@type\":\"ListItem\",\"position\":2,\"name\":\"Imprint\"}]},{\"@type\":\"WebSite\",\"@id\":\"https:\/\/jancray.de\/en\/#website\",\"url\":\"https:\/\/jancray.de\/en\/\",\"name\":\"JAN CRAY M\u00f6bel &amp; K\u00fcchen\",\"description\":\"M\u00f6bel und K\u00fcchen aus Hamburg\",\"publisher\":{\"@id\":\"https:\/\/jancray.de\/en\/#organization\"},\"potentialAction\":[{\"@type\":\"SearchAction\",\"target\":{\"@type\":\"EntryPoint\",\"urlTemplate\":\"https:\/\/jancray.de\/en\/?s={search_term_string}\"},\"query-input\":{\"@type\":\"PropertyValueSpecification\",\"valueRequired\":true,\"valueName\":\"search_term_string\"}}],\"inLanguage\":\"en-US\"},{\"@type\":\"Organization\",\"@id\":\"https:\/\/jancray.de\/en\/#organization\",\"name\":\"Jan Cray M\u00f6bel & K\u00fcchen\",\"url\":\"https:\/\/jancray.de\/en\/\",\"logo\":{\"@type\":\"ImageObject\",\"inLanguage\":\"en-US\",\"@id\":\"https:\/\/jancray.de\/en\/#\/schema\/logo\/image\/\",\"url\":\"https:\/\/jancray.de\/wp-content\/uploads\/2021\/04\/Jan-Cray-Logo.svg\",\"contentUrl\":\"https:\/\/jancray.de\/wp-content\/uploads\/2021\/04\/Jan-Cray-Logo.svg\",\"width\":100,\"height\":100,\"caption\":\"Jan Cray M\u00f6bel & K\u00fcchen\"},\"image\":{\"@id\":\"https:\/\/jancray.de\/en\/#\/schema\/logo\/image\/\"},\"sameAs\":[\"https:\/\/www.facebook.com\/jancraymoebel\/\",\"https:\/\/www.instagram.com\/jan_cray_moebel_kuechen\/\",\"https:\/\/www.youtube.com\/channel\/UC07FA0pwFOL-FiUU-apB1zw\"]}]}<\/script>\n<!-- \/ Yoast SEO plugin. -->","yoast_head_json":{"title":"Imprint &#8212; JAN CRAY M\u00f6bel &amp; K\u00fcchen","robots":{"index":"index","follow":"follow","max-snippet":"max-snippet:-1","max-image-preview":"max-image-preview:large","max-video-preview":"max-video-preview:-1"},"canonical":"https:\/\/jancray.de\/en\/imprint\/","og_locale":"en_US","og_type":"article","og_title":"Imprint &#8212; JAN CRAY M\u00f6bel &amp; K\u00fcchen","og_description":"Imprint Cray Wohnen GmbHBei den Linden 16 21449 Radbruch+49 4178 898 96 0 info@jancray.dejancray.de Managing Director: Jan Cray VAT number: DE315460402Registration number: HRB 210223 (Local Court L\u00fcneburg) GLS BankIBAN: DE29 4306 0967 1037 9907 00BIC: GENODEM1GLS Under applicable law, we are obliged to inform consumers of the existence of the European Online Dispute Resolution Platform, [&hellip;]","og_url":"https:\/\/jancray.de\/en\/imprint\/","og_site_name":"JAN CRAY M\u00f6bel &amp; K\u00fcchen","article_publisher":"https:\/\/www.facebook.com\/jancraymoebel\/","article_modified_time":"2023-09-27T10:48:45+00:00","og_image":[{"width":2560,"height":1711,"url":"https:\/\/jancray.de\/wp-content\/uploads\/2021\/04\/Jan-Cray-6Grad-Outdoor-Eiche-4-300dpi-scaled-1.jpg","type":"image\/jpeg"}],"twitter_card":"summary_large_image","twitter_misc":{"Est. reading time":"1 minute"},"schema":{"@context":"https:\/\/schema.org","@graph":[{"@type":"WebPage","@id":"https:\/\/jancray.de\/en\/imprint\/","url":"https:\/\/jancray.de\/en\/imprint\/","name":"Imprint &#8212; JAN CRAY M\u00f6bel &amp; K\u00fcchen","isPartOf":{"@id":"https:\/\/jancray.de\/en\/#website"},"datePublished":"2023-09-27T10:48:44+00:00","dateModified":"2023-09-27T10:48:45+00:00","breadcrumb":{"@id":"https:\/\/jancray.de\/en\/imprint\/#breadcrumb"},"inLanguage":"en-US","potentialAction":[{"@type":"ReadAction","target":["https:\/\/jancray.de\/en\/imprint\/"]}]},{"@type":"BreadcrumbList","@id":"https:\/\/jancray.de\/en\/imprint\/#breadcrumb","itemListElement":[{"@type":"ListItem","position":1,"name":"Home","item":"https:\/\/jancray.de\/en\/"},{"@type":"ListItem","position":2,"name":"Imprint"}]},{"@type":"WebSite","@id":"https:\/\/jancray.de\/en\/#website","url":"https:\/\/jancray.de\/en\/","name":"JAN CRAY M\u00f6bel &amp; K\u00fcchen","description":"M\u00f6bel und K\u00fcchen aus Hamburg","publisher":{"@id":"https:\/\/jancray.de\/en\/#organization"},"potentialAction":[{"@type":"SearchAction","target":{"@type":"EntryPoint","urlTemplate":"https:\/\/jancray.de\/en\/?s={search_term_string}"},"query-input":{"@type":"PropertyValueSpecification","valueRequired":true,"valueName":"search_term_string"}}],"inLanguage":"en-US"},{"@type":"Organization","@id":"https:\/\/jancray.de\/en\/#organization","name":"Jan Cray M\u00f6bel & K\u00fcchen","url":"https:\/\/jancray.de\/en\/","logo":{"@type":"ImageObject","inLanguage":"en-US","@id":"https:\/\/jancray.de\/en\/#\/schema\/logo\/image\/","url":"https:\/\/jancray.de\/wp-content\/uploads\/2021\/04\/Jan-Cray-Logo.svg","contentUrl":"https:\/\/jancray.de\/wp-content\/uploads\/2021\/04\/Jan-Cray-Logo.svg","width":100,"height":100,"caption":"Jan Cray M\u00f6bel & K\u00fcchen"},"image":{"@id":"https:\/\/jancray.de\/en\/#\/schema\/logo\/image\/"},"sameAs":["https:\/\/www.facebook.com\/jancraymoebel\/","https:\/\/www.instagram.com\/jan_cray_moebel_kuechen\/","https:\/\/www.youtube.com\/channel\/UC07FA0pwFOL-FiUU-apB1zw"]}]}},"_links":{"self":[{"href":"https:\/\/jancray.de\/en\/wp-json\/wp\/v2\/pages\/128443","targetHints":{"allow":["GET"]}}],"collection":[{"href":"https:\/\/jancray.de\/en\/wp-json\/wp\/v2\/pages"}],"about":[{"href":"https:\/\/jancray.de\/en\/wp-json\/wp\/v2\/types\/page"}],"author":[{"embeddable":true,"href":"https:\/\/jancray.de\/en\/wp-json\/wp\/v2\/users\/1"}],"replies":[{"embeddable":true,"href":"https:\/\/jancray.de\/en\/wp-json\/wp\/v2\/comments?post=128443"}],"version-history":[{"count":0,"href":"https:\/\/jancray.de\/en\/wp-json\/wp\/v2\/pages\/128443\/revisions"}],"wp:attachment":[{"href":"https:\/\/jancray.de\/en\/wp-json\/wp\/v2\/media?parent=128443"}],"curies":[{"name":"wp","href":"https:\/\/api.w.org\/{rel}","templated":true}]}}