{"id":128626,"date":"2023-11-15T15:36:20","date_gmt":"2023-11-15T14:36:20","guid":{"rendered":"https:\/\/jancray.de\/technical-data-sheets\/"},"modified":"2023-11-30T12:27:36","modified_gmt":"2023-11-30T11:27:36","slug":"technical-data-sheets","status":"publish","type":"page","link":"https:\/\/jancray.de\/en\/technical-data-sheets\/","title":{"rendered":"Technical data sheets"},"content":{"rendered":"\t\t<div data-elementor-type=\"wp-page\" data-elementor-id=\"128626\" class=\"elementor elementor-128626 elementor-128199\" data-elementor-post-type=\"page\">\n\t\t\t\t\t\t<section class=\"elementor-section elementor-top-section elementor-element elementor-element-bbc10c0 elementor-section-boxed elementor-section-height-default elementor-section-height-default\" data-id=\"bbc10c0\" data-element_type=\"section\">\n\t\t\t\t\t\t<div class=\"elementor-container elementor-column-gap-default\">\n\t\t\t\t\t<div class=\"elementor-column elementor-col-100 elementor-top-column elementor-element elementor-element-999eef1\" data-id=\"999eef1\" data-element_type=\"column\">\n\t\t\t<div class=\"elementor-widget-wrap elementor-element-populated\">\n\t\t\t\t\t\t<div class=\"elementor-element elementor-element-4b134c6 elementor-widget elementor-widget-heading\" data-id=\"4b134c6\" data-element_type=\"widget\" data-widget_type=\"heading.default\">\n\t\t\t\t<div class=\"elementor-widget-container\">\n\t\t\t\t\t<h2 class=\"elementor-heading-title elementor-size-default\">Technical data sheets<\/h2>\t\t\t\t<\/div>\n\t\t\t\t<\/div>\n\t\t\t\t<div class=\"elementor-element elementor-element-2971fe7 elementor-widget elementor-widget-text-editor\" data-id=\"2971fe7\" data-element_type=\"widget\" data-widget_type=\"text-editor.default\">\n\t\t\t\t<div class=\"elementor-widget-container\">\n\t\t\t\t\t\t\t\t\t<p><a href=\"https:\/\/jancray.de\/wp-content\/uploads\/2023\/08\/Jan-Cray-PLOG-Tisch-technisches-Datenblatt.pdf\">PLOG table<\/a><\/p>\n<p><a href=\"https:\/\/jancray.de\/wp-content\/uploads\/2023\/08\/Jan-Cray-6GRAD-Tisch-technisches-Datenblatt.pdf\">6GRAD table<\/a><\/p>\n<p><a href=\"https:\/\/jancray.de\/wp-content\/uploads\/2023\/08\/Jan-Cray-6GRAD-runder-Tisch-technisches-Datenblatt.pdf\">6GRAD round table<\/a><\/p>\n<p><a href=\"https:\/\/jancray.de\/wp-content\/uploads\/2023\/08\/Jan-Cray-6GRAD-Hochtisch-technisches-Datenblatt.pdf\">6GRAD bar table<\/a><\/p>\n<p><a href=\"https:\/\/jancray.de\/wp-content\/uploads\/2023\/10\/Jan-Cray-6GRAD-Traversen-Tisch-technisches-Datenblatt.pdf\">6GRAD traverse table<\/a><\/p>\n<p><a href=\"https:\/\/jancray.de\/wp-content\/uploads\/2023\/10\/Jan-Cray-6GRAD-Traversen-Hochtisch-technisches-Datenblatt.pdf\">6GRAD traverse bar table<\/a><\/p>\n<p><a href=\"https:\/\/jancray.de\/wp-content\/uploads\/2023\/08\/Jan-Cray-6GRAD-Couchtisch-technisches-Datenblatt.pdf\">6GRAD coffee table<\/a><\/p>\n<p><a href=\"https:\/\/jancray.de\/wp-content\/uploads\/2023\/08\/Jan-Cray-6GRAD-Hocker-technisches-Datenblatt.pdf\">6GRAD stool<\/a><\/p>\n<p><a href=\"https:\/\/jancray.de\/wp-content\/uploads\/2023\/08\/Jan-Cray-6GRAD-Kuechenhocker-technisches-Datenblatt.pdf\">6GRAD kitchen stool<\/a><\/p>\n<p><a href=\"https:\/\/jancray.de\/wp-content\/uploads\/2023\/08\/Jan-Cray-6GRAD-Barhocker-technisches-Datenblatt.pdf\">6GRAD bar stool<\/a><\/p>\n<p><a href=\"https:\/\/jancray.de\/wp-content\/uploads\/2023\/08\/Jan-Cray-6GRAD-Bank-technisches-Datenblatt.pdf\">6GRAD bench<\/a><\/p>\n<p><a href=\"https:\/\/jancray.de\/wp-content\/uploads\/2023\/08\/Jan-Cray-6GRAD-Hochbank-technisches-Datenblatt.pdf\">6GRAD high bench<\/a><\/p>\n<p><a href=\"https:\/\/jancray.de\/wp-content\/uploads\/2023\/08\/Jan-Cray-6GRAD-Outdoor-Tisch-technisches-Datenblatt.pdf\">6GRAD outdoor table<\/a><\/p>\n<p><a href=\"https:\/\/jancray.de\/wp-content\/uploads\/2023\/08\/Jan-Cray-6GRAD-runder-Tisch-technisches-Datenblatt.pdf\">6GRAD outdoor stool<\/a><\/p>\n<p><a href=\"https:\/\/jancray.de\/wp-content\/uploads\/2023\/08\/Jan-Cray-6GRAD-Outdoorbank-technisches-Datenblatt.pdf\">6GRAD outdoor bench<\/a><\/p>\n\t\t\t\t\t\t\t\t<\/div>\n\t\t\t\t<\/div>\n\t\t\t\t\t<\/div>\n\t\t<\/div>\n\t\t\t\t\t<\/div>\n\t\t<\/section>\n\t\t\t\t<\/div>\n\t\t","protected":false},"excerpt":{"rendered":"<p>Technical data sheets PLOG table 6GRAD table 6GRAD round table 6GRAD bar table 6GRAD traverse table 6GRAD traverse bar table 6GRAD coffee table 6GRAD stool 6GRAD kitchen stool 6GRAD bar stool 6GRAD bench 6GRAD high bench 6GRAD outdoor table 6GRAD outdoor stool 6GRAD outdoor bench<\/p>\n","protected":false},"author":1,"featured_media":0,"parent":0,"menu_order":0,"comment_status":"closed","ping_status":"closed","template":"","meta":{"_acf_changed":false,"footnotes":""},"class_list":["post-128626","page","type-page","status-publish","hentry"],"acf":[],"yoast_head":"<!-- This site is optimized with the Yoast SEO plugin v26.8 - https:\/\/yoast.com\/product\/yoast-seo-wordpress\/ -->\n<title>Technical data sheets &#8212; JAN CRAY M\u00f6bel &amp; K\u00fcchen<\/title>\n<meta name=\"robots\" content=\"index, follow, max-snippet:-1, max-image-preview:large, max-video-preview:-1\" \/>\n<link rel=\"canonical\" href=\"https:\/\/jancray.de\/en\/technical-data-sheets\/\" \/>\n<meta property=\"og:locale\" content=\"en_US\" \/>\n<meta property=\"og:type\" content=\"article\" \/>\n<meta property=\"og:title\" content=\"Technical data sheets &#8212; JAN CRAY M\u00f6bel &amp; K\u00fcchen\" \/>\n<meta property=\"og:description\" content=\"Technical data sheets PLOG table 6GRAD table 6GRAD round table 6GRAD bar table 6GRAD traverse table 6GRAD traverse bar table 6GRAD coffee table 6GRAD stool 6GRAD kitchen stool 6GRAD bar stool 6GRAD bench 6GRAD high bench 6GRAD outdoor table 6GRAD outdoor stool 6GRAD outdoor bench\" \/>\n<meta property=\"og:url\" content=\"https:\/\/jancray.de\/en\/technical-data-sheets\/\" \/>\n<meta property=\"og:site_name\" content=\"JAN CRAY M\u00f6bel &amp; K\u00fcchen\" \/>\n<meta property=\"article:publisher\" content=\"https:\/\/www.facebook.com\/jancraymoebel\/\" \/>\n<meta property=\"article:modified_time\" content=\"2023-11-30T11:27:36+00:00\" \/>\n<meta property=\"og:image\" content=\"https:\/\/jancray.de\/wp-content\/uploads\/2021\/04\/Jan-Cray-6Grad-Outdoor-Eiche-4-300dpi-scaled-1.jpg\" \/>\n\t<meta property=\"og:image:width\" content=\"2560\" \/>\n\t<meta property=\"og:image:height\" content=\"1711\" \/>\n\t<meta property=\"og:image:type\" content=\"image\/jpeg\" \/>\n<meta name=\"twitter:card\" content=\"summary_large_image\" \/>\n<script type=\"application\/ld+json\" class=\"yoast-schema-graph\">{\"@context\":\"https:\/\/schema.org\",\"@graph\":[{\"@type\":\"WebPage\",\"@id\":\"https:\/\/jancray.de\/en\/technical-data-sheets\/\",\"url\":\"https:\/\/jancray.de\/en\/technical-data-sheets\/\",\"name\":\"Technical data sheets &#8212; JAN CRAY M\u00f6bel &amp; K\u00fcchen\",\"isPartOf\":{\"@id\":\"https:\/\/jancray.de\/en\/#website\"},\"datePublished\":\"2023-11-15T14:36:20+00:00\",\"dateModified\":\"2023-11-30T11:27:36+00:00\",\"breadcrumb\":{\"@id\":\"https:\/\/jancray.de\/en\/technical-data-sheets\/#breadcrumb\"},\"inLanguage\":\"en-US\",\"potentialAction\":[{\"@type\":\"ReadAction\",\"target\":[\"https:\/\/jancray.de\/en\/technical-data-sheets\/\"]}]},{\"@type\":\"BreadcrumbList\",\"@id\":\"https:\/\/jancray.de\/en\/technical-data-sheets\/#breadcrumb\",\"itemListElement\":[{\"@type\":\"ListItem\",\"position\":1,\"name\":\"Home\",\"item\":\"https:\/\/jancray.de\/en\/\"},{\"@type\":\"ListItem\",\"position\":2,\"name\":\"Technical data sheets\"}]},{\"@type\":\"WebSite\",\"@id\":\"https:\/\/jancray.de\/en\/#website\",\"url\":\"https:\/\/jancray.de\/en\/\",\"name\":\"JAN CRAY M\u00f6bel &amp; K\u00fcchen\",\"description\":\"M\u00f6bel und K\u00fcchen aus Hamburg\",\"publisher\":{\"@id\":\"https:\/\/jancray.de\/en\/#organization\"},\"potentialAction\":[{\"@type\":\"SearchAction\",\"target\":{\"@type\":\"EntryPoint\",\"urlTemplate\":\"https:\/\/jancray.de\/en\/?s={search_term_string}\"},\"query-input\":{\"@type\":\"PropertyValueSpecification\",\"valueRequired\":true,\"valueName\":\"search_term_string\"}}],\"inLanguage\":\"en-US\"},{\"@type\":\"Organization\",\"@id\":\"https:\/\/jancray.de\/en\/#organization\",\"name\":\"Jan Cray M\u00f6bel & K\u00fcchen\",\"url\":\"https:\/\/jancray.de\/en\/\",\"logo\":{\"@type\":\"ImageObject\",\"inLanguage\":\"en-US\",\"@id\":\"https:\/\/jancray.de\/en\/#\/schema\/logo\/image\/\",\"url\":\"https:\/\/jancray.de\/wp-content\/uploads\/2021\/04\/Jan-Cray-Logo.svg\",\"contentUrl\":\"https:\/\/jancray.de\/wp-content\/uploads\/2021\/04\/Jan-Cray-Logo.svg\",\"width\":100,\"height\":100,\"caption\":\"Jan Cray M\u00f6bel & K\u00fcchen\"},\"image\":{\"@id\":\"https:\/\/jancray.de\/en\/#\/schema\/logo\/image\/\"},\"sameAs\":[\"https:\/\/www.facebook.com\/jancraymoebel\/\",\"https:\/\/www.instagram.com\/jan_cray_moebel_kuechen\/\",\"https:\/\/www.youtube.com\/channel\/UC07FA0pwFOL-FiUU-apB1zw\"]}]}<\/script>\n<!-- \/ Yoast SEO plugin. -->","yoast_head_json":{"title":"Technical data sheets &#8212; JAN CRAY M\u00f6bel &amp; K\u00fcchen","robots":{"index":"index","follow":"follow","max-snippet":"max-snippet:-1","max-image-preview":"max-image-preview:large","max-video-preview":"max-video-preview:-1"},"canonical":"https:\/\/jancray.de\/en\/technical-data-sheets\/","og_locale":"en_US","og_type":"article","og_title":"Technical data sheets &#8212; JAN CRAY M\u00f6bel &amp; K\u00fcchen","og_description":"Technical data sheets PLOG table 6GRAD table 6GRAD round table 6GRAD bar table 6GRAD traverse table 6GRAD traverse bar table 6GRAD coffee table 6GRAD stool 6GRAD kitchen stool 6GRAD bar stool 6GRAD bench 6GRAD high bench 6GRAD outdoor table 6GRAD outdoor stool 6GRAD outdoor bench","og_url":"https:\/\/jancray.de\/en\/technical-data-sheets\/","og_site_name":"JAN CRAY M\u00f6bel &amp; K\u00fcchen","article_publisher":"https:\/\/www.facebook.com\/jancraymoebel\/","article_modified_time":"2023-11-30T11:27:36+00:00","og_image":[{"width":2560,"height":1711,"url":"https:\/\/jancray.de\/wp-content\/uploads\/2021\/04\/Jan-Cray-6Grad-Outdoor-Eiche-4-300dpi-scaled-1.jpg","type":"image\/jpeg"}],"twitter_card":"summary_large_image","schema":{"@context":"https:\/\/schema.org","@graph":[{"@type":"WebPage","@id":"https:\/\/jancray.de\/en\/technical-data-sheets\/","url":"https:\/\/jancray.de\/en\/technical-data-sheets\/","name":"Technical data sheets &#8212; JAN CRAY M\u00f6bel &amp; K\u00fcchen","isPartOf":{"@id":"https:\/\/jancray.de\/en\/#website"},"datePublished":"2023-11-15T14:36:20+00:00","dateModified":"2023-11-30T11:27:36+00:00","breadcrumb":{"@id":"https:\/\/jancray.de\/en\/technical-data-sheets\/#breadcrumb"},"inLanguage":"en-US","potentialAction":[{"@type":"ReadAction","target":["https:\/\/jancray.de\/en\/technical-data-sheets\/"]}]},{"@type":"BreadcrumbList","@id":"https:\/\/jancray.de\/en\/technical-data-sheets\/#breadcrumb","itemListElement":[{"@type":"ListItem","position":1,"name":"Home","item":"https:\/\/jancray.de\/en\/"},{"@type":"ListItem","position":2,"name":"Technical data sheets"}]},{"@type":"WebSite","@id":"https:\/\/jancray.de\/en\/#website","url":"https:\/\/jancray.de\/en\/","name":"JAN CRAY M\u00f6bel &amp; K\u00fcchen","description":"M\u00f6bel und K\u00fcchen aus Hamburg","publisher":{"@id":"https:\/\/jancray.de\/en\/#organization"},"potentialAction":[{"@type":"SearchAction","target":{"@type":"EntryPoint","urlTemplate":"https:\/\/jancray.de\/en\/?s={search_term_string}"},"query-input":{"@type":"PropertyValueSpecification","valueRequired":true,"valueName":"search_term_string"}}],"inLanguage":"en-US"},{"@type":"Organization","@id":"https:\/\/jancray.de\/en\/#organization","name":"Jan Cray M\u00f6bel & K\u00fcchen","url":"https:\/\/jancray.de\/en\/","logo":{"@type":"ImageObject","inLanguage":"en-US","@id":"https:\/\/jancray.de\/en\/#\/schema\/logo\/image\/","url":"https:\/\/jancray.de\/wp-content\/uploads\/2021\/04\/Jan-Cray-Logo.svg","contentUrl":"https:\/\/jancray.de\/wp-content\/uploads\/2021\/04\/Jan-Cray-Logo.svg","width":100,"height":100,"caption":"Jan Cray M\u00f6bel & K\u00fcchen"},"image":{"@id":"https:\/\/jancray.de\/en\/#\/schema\/logo\/image\/"},"sameAs":["https:\/\/www.facebook.com\/jancraymoebel\/","https:\/\/www.instagram.com\/jan_cray_moebel_kuechen\/","https:\/\/www.youtube.com\/channel\/UC07FA0pwFOL-FiUU-apB1zw"]}]}},"_links":{"self":[{"href":"https:\/\/jancray.de\/en\/wp-json\/wp\/v2\/pages\/128626","targetHints":{"allow":["GET"]}}],"collection":[{"href":"https:\/\/jancray.de\/en\/wp-json\/wp\/v2\/pages"}],"about":[{"href":"https:\/\/jancray.de\/en\/wp-json\/wp\/v2\/types\/page"}],"author":[{"embeddable":true,"href":"https:\/\/jancray.de\/en\/wp-json\/wp\/v2\/users\/1"}],"replies":[{"embeddable":true,"href":"https:\/\/jancray.de\/en\/wp-json\/wp\/v2\/comments?post=128626"}],"version-history":[{"count":0,"href":"https:\/\/jancray.de\/en\/wp-json\/wp\/v2\/pages\/128626\/revisions"}],"wp:attachment":[{"href":"https:\/\/jancray.de\/en\/wp-json\/wp\/v2\/media?parent=128626"}],"curies":[{"name":"wp","href":"https:\/\/api.w.org\/{rel}","templated":true}]}}